{"id":11,"date":"2019-05-21T10:57:30","date_gmt":"2019-05-21T08:57:30","guid":{"rendered":"http:\/\/novis-imbiss.de\/mittagstisch\/?page_id=11"},"modified":"2023-05-25T10:27:14","modified_gmt":"2023-05-25T08:27:14","slug":"novi","status":"publish","type":"page","link":"http:\/\/novis-imbiss.de\/mittagstisch\/","title":{"rendered":"Novi&#8217;s Mittagstisch"},"content":{"rendered":"<div id='full_slider_1' class='avia-fullwidth-slider main_color avia-shadow   avia-builder-el-0  el_before_av_heading  avia-builder-el-first   container_wrap fullsize' style=' '  ><div  data-size='no scaling'  data-lightbox_size='large'  data-animation='slide'  data-conditional_play=''  data-ids='72,83,84'  data-video_counter='0'  data-autoplay='true'  data-bg_slider='false'  data-slide_height=''  data-handle='av_slideshow_full'  data-interval='5'  data-class=' '  data-css_id=''  data-scroll_down=''  data-control_layout='av-control-hidden'  data-custom_markup=''  data-perma_caption=''  data-autoplay_stopper=''  data-image_attachment=''  data-min_height='0px'  data-src=''  data-position='top left'  data-repeat='no-repeat'  data-attach='scroll'  data-stretch=''  class='avia-slideshow avia-slideshow-1  av-control-hidden av-default-height-applied avia-slideshow-no scaling av_slideshow_full   avia-slide-slider '  itemprop=\"image\" itemscope=\"itemscope\" itemtype=\"https:\/\/schema.org\/ImageObject\" ><ul class='avia-slideshow-inner ' style='padding-bottom: 53.3333333333%;' ><li  class=' slide-1 ' ><div data-rel='slideshow-1' class='avia-slide-wrap '   ><img src='http:\/\/novis-imbiss.de\/mittagstisch\/wp-content\/uploads\/2019\/05\/novis-mittagstisch-partyservice.jpg' width='1500' height='800' title='novis-mittagstisch-partyservice' alt=''  itemprop=\"thumbnailUrl\"   \/><\/div><\/li><li  class=' slide-2 ' ><div data-rel='slideshow-1' class='avia-slide-wrap '   ><img src='http:\/\/novis-imbiss.de\/mittagstisch\/wp-content\/uploads\/2019\/05\/novis-mittagstisch-inneneinrichtung.jpg' width='1500' height='800' title='novis-mittagstisch-inneneinrichtung' alt=''  itemprop=\"thumbnailUrl\"   \/><\/div><\/li><li  class=' slide-3 ' ><div data-rel='slideshow-1' class='avia-slide-wrap '   ><img src='http:\/\/novis-imbiss.de\/mittagstisch\/wp-content\/uploads\/2019\/05\/novis-mittagstisch-lieferung.jpg' width='1500' height='800' title='novis-mittagstisch-lieferung' alt=''  itemprop=\"thumbnailUrl\"   \/><\/div><\/li><\/ul><div class='avia-slideshow-arrows avia-slideshow-controls'><a href='#prev' class='prev-slide' aria-hidden='true' data-av_icon='\ue87c' data-av_iconfont='entypo-fontello'>Zur\u00fcck<\/a><a href='#next' class='next-slide' aria-hidden='true' data-av_icon='\ue87d' data-av_iconfont='entypo-fontello'>Weiter<\/a><\/div><div class='avia-slideshow-dots avia-slideshow-controls'><a href='#1' class='goto-slide active' >1<\/a><a href='#2' class='goto-slide ' >2<\/a><a href='#3' class='goto-slide ' >3<\/a><\/div><\/div><\/div><div id='after_full_slider_1' class='main_color av_default_container_wrap container_wrap fullsize' style=' '  ><div class='container' ><div class='template-page content  av-content-full alpha units'><div class='post-entry post-entry-type-page post-entry-11'><div class='entry-content-wrapper clearfix'>\n<div style='padding-bottom:10px; ' class='av-special-heading av-special-heading-h1  blockquote modern-quote modern-centered  avia-builder-el-1  el_after_av_slideshow_full  el_before_av_catalogue  avia-builder-el-first   '><h1 class='av-special-heading-tag '  itemprop=\"headline\"  >Novi`s Mittagstisch<\/h1><div class='special-heading-border'><div class='special-heading-inner-border' ><\/div><\/div><\/div>\n<div class='av-catalogue-container   avia-builder-el-2  el_after_av_heading  el_before_av_one_half  '><ul class='av-catalogue-list'><\/ul><\/div>\n<div class=\"flex_column av_one_half  flex_column_div av-zero-column-padding first  avia-builder-el-3  el_after_av_catalogue  el_before_av_one_half  \" style='border-radius:0px; '><section class=\"av_textblock_section \"  itemscope=\"itemscope\" itemtype=\"https:\/\/schema.org\/CreativeWork\" ><div class='avia_textblock  '  style='font-size:8px; '  itemprop=\"text\" ><h3>Zusatzstoffe<\/h3>\n<p>( k\u00f6nnten in den verwendeten Zutaten enthalten sein)<\/p>\n<p>1 Konservierungsstoff, 2 Antioxidationsmittel, 3 Geschmacksverst\u00e4rker, 4 Zucker-und S\u00fc\u00dfungsmittel, 5 S\u00e4uerungsmittel, 6 Farbstoff, 7 Phosphat, 8 gewachst, 9 geschwefelt, 10 koffeinhaltig, 11 chininhaltig, 12 alkoholhaltig<\/p>\n<\/div><\/section><\/div>\n<div class=\"flex_column av_one_half  flex_column_div av-zero-column-padding   avia-builder-el-5  el_after_av_one_half  el_before_av_slideshow_full  avia-builder-el-last  \" style='border-radius:0px; '><section class=\"av_textblock_section \"  itemscope=\"itemscope\" itemtype=\"https:\/\/schema.org\/CreativeWork\" ><div class='avia_textblock  '  style='font-size:8px; '  itemprop=\"text\" ><h3>Allergene<\/h3>\n<p>(k\u00f6nnten in den verwendeten Zutaten enthalten sein)<\/p>\n<p>A glutenhaltig, B Krebstiere, C Eier, D Fisch, E Erdn\u00fcsse, F Soja, G Milch, H N\u00fcsse, I Sellerie, J Senf, K Sesam, L SO2, M Lupine, N Weichtiere<\/p>\n<\/div><\/section><\/div>\n<\/div><\/div><\/div><!-- close content main div --><\/div><\/div><div id='full_slider_2' class='avia-fullwidth-slider main_color avia-shadow   avia-builder-el-7  el_after_av_one_half  el_before_av_hr   slider-not-first container_wrap fullsize' style=' '  ><div  data-size='no scaling'  data-lightbox_size='large'  data-animation='slide'  data-conditional_play=''  data-ids='75'  data-video_counter='0'  data-autoplay='false'  data-bg_slider='false'  data-slide_height=''  data-handle='av_slideshow_full'  data-interval='5'  data-class=' '  data-css_id=''  data-scroll_down=''  data-control_layout='av-control-default'  data-custom_markup=''  data-perma_caption=''  data-autoplay_stopper=''  data-image_attachment=''  data-min_height='0px'  data-src=''  data-position='top left'  data-repeat='no-repeat'  data-attach='scroll'  data-stretch=''  class='avia-slideshow avia-slideshow-2  av-control-default av-default-height-applied avia-slideshow-no scaling av_slideshow_full   avia-slide-slider '  itemprop=\"image\" itemscope=\"itemscope\" itemtype=\"https:\/\/schema.org\/ImageObject\" ><ul class='avia-slideshow-inner ' style='padding-bottom: 53.3333333333%;' ><li  class=' av-single-slide slide-1 ' ><div data-rel='slideshow-2' class='avia-slide-wrap '   ><img src='http:\/\/novis-imbiss.de\/mittagstisch\/wp-content\/uploads\/2019\/05\/novis-mittagstisch-tresen.jpg' width='1500' height='800' title='novis-mittagstisch-tresen' alt=''  itemprop=\"thumbnailUrl\"   \/><\/div><\/li><\/ul><\/div><\/div><div id='after_full_slider_2' class='main_color av_default_container_wrap container_wrap fullsize' style=' '  ><div class='container' ><div class='template-page content  av-content-full alpha units'><div class='post-entry post-entry-type-page post-entry-11'><div class='entry-content-wrapper clearfix'>\n<div style='height:50px' class='hr hr-invisible   avia-builder-el-8  el_after_av_slideshow_full  el_before_av_textblock  avia-builder-el-first  '><span class='hr-inner ' ><span class='hr-inner-style'><\/span><\/span><\/div>\n<section class=\"av_textblock_section \"  itemscope=\"itemscope\" itemtype=\"https:\/\/schema.org\/CreativeWork\" ><div class='avia_textblock  '   itemprop=\"text\" ><\/div><\/section>\n<div style='padding-bottom:10px; ' class='av-special-heading av-special-heading-h1  blockquote modern-quote modern-centered  avia-builder-el-10  el_after_av_textblock  el_before_av_hr   '><h1 class='av-special-heading-tag '  itemprop=\"headline\"  >Mmmh lecker!<\/h1><div class='special-heading-border'><div class='special-heading-inner-border' ><\/div><\/div><\/div>\n<div style='height:30px' class='hr hr-invisible   avia-builder-el-11  el_after_av_heading  el_before_av_buttonrow  '><span class='hr-inner ' ><span class='hr-inner-style'><\/span><\/span><\/div>\n<div class='avia-buttonrow-wrap avia-buttonrow-center   avia-builder-el-12  el_after_av_hr  el_before_av_hr  '>\n<a href='http:\/\/novis-imbiss.de\/mittagstisch\/kontakt\/'  class='avia-button  avia-icon_select-yes-left-icon avia-color-theme-color avia-size-large '  style='margin-bottom:5px; margin-left:3px; margin-right:3px; ' ><span class='avia_button_icon avia_button_icon_left ' aria-hidden='true' data-av_icon='\ue805' data-av_iconfont='entypo-fontello'><\/span><span class='avia_iconbox_title' >Kontakt<\/span><\/a>\n<\/div>\n<div style='height:40px' class='hr hr-invisible   avia-builder-el-13  el_after_av_buttonrow  el_before_av_one_third  '><span class='hr-inner ' ><span class='hr-inner-style'><\/span><\/span><\/div>\n<div class=\"flex_column av_one_third  flex_column_div av-zero-column-padding first  avia-builder-el-14  el_after_av_hr  el_before_av_one_third  \" style='border-radius:0px; '><div class='avia-image-container  av-styling-    avia-builder-el-15  avia-builder-el-no-sibling   avia-align-center '  itemprop=\"image\" itemscope=\"itemscope\" itemtype=\"https:\/\/schema.org\/ImageObject\"  ><div class='avia-image-container-inner'><div class='avia-image-overlay-wrap'><a href='http:\/\/novis-imbiss.de\/mittagstisch\/wp-content\/uploads\/2019\/05\/novis-mittagstisch-partyservice-1-1030x687.jpg' class='avia_image'  ><img class='avia_image ' src='http:\/\/novis-imbiss.de\/mittagstisch\/wp-content\/uploads\/2019\/05\/novis-mittagstisch-partyservice-1-300x200.jpg' alt='' title='novis-mittagstisch-partyservice-1'  itemprop=\"thumbnailUrl\"  \/><\/a><\/div><\/div><\/div><\/div>\n<div class=\"flex_column av_one_third  flex_column_div av-zero-column-padding   avia-builder-el-16  el_after_av_one_third  el_before_av_one_third  \" style='border-radius:0px; '><div class='avia-image-container  av-styling-    avia-builder-el-17  avia-builder-el-no-sibling   avia-align-center '  itemprop=\"image\" itemscope=\"itemscope\" itemtype=\"https:\/\/schema.org\/ImageObject\"  ><div class='avia-image-container-inner'><div class='avia-image-overlay-wrap'><a href='http:\/\/novis-imbiss.de\/mittagstisch\/wp-content\/uploads\/2019\/05\/novis-mittagstisch-partyservice-3-1030x687.jpg' class='avia_image'  ><img class='avia_image ' src='http:\/\/novis-imbiss.de\/mittagstisch\/wp-content\/uploads\/2019\/05\/novis-mittagstisch-partyservice-3-300x200.jpg' alt='' title='novis-mittagstisch-partyservice-3'  itemprop=\"thumbnailUrl\"  \/><\/a><\/div><\/div><\/div><\/div>\n<div class=\"flex_column av_one_third  flex_column_div av-zero-column-padding   avia-builder-el-18  el_after_av_one_third  avia-builder-el-last  \" style='border-radius:0px; '><div class='avia-image-container  av-styling-    avia-builder-el-19  avia-builder-el-no-sibling   avia-align-center '  itemprop=\"image\" itemscope=\"itemscope\" itemtype=\"https:\/\/schema.org\/ImageObject\"  ><div class='avia-image-container-inner'><div class='avia-image-overlay-wrap'><a href='http:\/\/novis-imbiss.de\/mittagstisch\/wp-content\/uploads\/2019\/05\/novis-mittagstisch-partyservice-2-1030x687.jpg' class='avia_image'  ><img class='avia_image ' src='http:\/\/novis-imbiss.de\/mittagstisch\/wp-content\/uploads\/2019\/05\/novis-mittagstisch-partyservice-2-300x200.jpg' alt='' title='novis-mittagstisch-partyservice-2'  itemprop=\"thumbnailUrl\"  \/><\/a><\/div><\/div><\/div><\/div>\n","protected":false},"excerpt":{"rendered":"","protected":false},"author":1,"featured_media":0,"parent":0,"menu_order":0,"comment_status":"closed","ping_status":"closed","template":"","meta":{"footnotes":""},"class_list":["post-11","page","type-page","status-publish","hentry"],"_links":{"self":[{"href":"http:\/\/novis-imbiss.de\/mittagstisch\/wp-json\/wp\/v2\/pages\/11","targetHints":{"allow":["GET"]}}],"collection":[{"href":"http:\/\/novis-imbiss.de\/mittagstisch\/wp-json\/wp\/v2\/pages"}],"about":[{"href":"http:\/\/novis-imbiss.de\/mittagstisch\/wp-json\/wp\/v2\/types\/page"}],"author":[{"embeddable":true,"href":"http:\/\/novis-imbiss.de\/mittagstisch\/wp-json\/wp\/v2\/users\/1"}],"replies":[{"embeddable":true,"href":"http:\/\/novis-imbiss.de\/mittagstisch\/wp-json\/wp\/v2\/comments?post=11"}],"version-history":[{"count":240,"href":"http:\/\/novis-imbiss.de\/mittagstisch\/wp-json\/wp\/v2\/pages\/11\/revisions"}],"predecessor-version":[{"id":536,"href":"http:\/\/novis-imbiss.de\/mittagstisch\/wp-json\/wp\/v2\/pages\/11\/revisions\/536"}],"wp:attachment":[{"href":"http:\/\/novis-imbiss.de\/mittagstisch\/wp-json\/wp\/v2\/media?parent=11"}],"curies":[{"name":"wp","href":"https:\/\/api.w.org\/{rel}","templated":true}]}}